{"id":19,"date":"2017-07-02T10:08:52","date_gmt":"2017-07-02T07:08:52","guid":{"rendered":"http:\/\/2017.karahasanogullari.com\/?page_id=19"},"modified":"2020-02-21T22:12:25","modified_gmt":"2020-02-21T19:12:25","slug":"fotograflar","status":"publish","type":"page","link":"https:\/\/www.karahasanogullari.com\/index.php\/fotograflar\/","title":{"rendered":"Foto\u011fraflar"},"content":{"rendered":"<p>[robo-gallery id=&#8221;377&#8243;]<\/p>\n<p><iframe loading=\"lazy\" title=\"\u00c7AMLICA\" width=\"500\" height=\"375\" src=\"https:\/\/www.youtube.com\/embed\/p37R9y0UJ4w?feature=oembed\" frameborder=\"0\" allow=\"accelerometer; autoplay; clipboard-write; encrypted-media; gyroscope; picture-in-picture; web-share\" referrerpolicy=\"strict-origin-when-cross-origin\" allowfullscreen><\/iframe><\/p>\n<div id=\"attachment_878\" style=\"width: 505px\" class=\"wp-caption alignnone\"><img loading=\"lazy\" decoding=\"async\" aria-describedby=\"caption-attachment-878\" class=\"wp-image-878 \" src=\"http:\/\/2017.karahasanogullari.com\/wp-content\/uploads\/2017\/07\/2-1-300x225.jpg\" alt=\"\" width=\"495\" height=\"371\" \/><p id=\"caption-attachment-878\" class=\"wp-caption-text\">Karahasano\u011fullari kadin kollarn\u0131n y\u00f6netim kurulunu olu\u015fturduk eme\u011fi ge\u00e7en herkesi tebrik eder yolunuz a\u00e7ik olsun rabbim yar ve yardimciniz olsun karahasan o\u011fullari derne\u011fi y\u00f6netim kurulu<\/p><\/div>\n<p><img loading=\"lazy\" decoding=\"async\" class=\"alignnone size-medium wp-image-879\" src=\"http:\/\/2017.karahasanogullari.com\/wp-content\/uploads\/2017\/07\/kad\u0131n-kollar\u0131-300x225.jpg\" alt=\"\" width=\"300\" height=\"225\" \/> <img loading=\"lazy\" decoding=\"async\" class=\"alignnone  wp-image-881\" src=\"http:\/\/2017.karahasanogullari.com\/wp-content\/uploads\/2017\/07\/3-1-300x222.jpg\" alt=\"\" width=\"489\" height=\"362\" \/><\/p>\n<p><img loading=\"lazy\" decoding=\"async\" class=\"alignnone  wp-image-884\" src=\"http:\/\/2017.karahasanogullari.com\/wp-content\/uploads\/2017\/07\/4-300x225.jpg\" alt=\"\" width=\"492\" height=\"369\" \/><\/p>\n","protected":false},"excerpt":{"rendered":"<p>[robo-gallery id=&#8221;377&#8243;]<\/p>\n","protected":false},"author":1,"featured_media":0,"parent":0,"menu_order":0,"comment_status":"closed","ping_status":"closed","template":"","meta":{"footnotes":""},"class_list":["post-19","page","type-page","status-publish","hentry"],"_links":{"self":[{"href":"https:\/\/www.karahasanogullari.com\/index.php\/wp-json\/wp\/v2\/pages\/19","targetHints":{"allow":["GET"]}}],"collection":[{"href":"https:\/\/www.karahasanogullari.com\/index.php\/wp-json\/wp\/v2\/pages"}],"about":[{"href":"https:\/\/www.karahasanogullari.com\/index.php\/wp-json\/wp\/v2\/types\/page"}],"author":[{"embeddable":true,"href":"https:\/\/www.karahasanogullari.com\/index.php\/wp-json\/wp\/v2\/users\/1"}],"replies":[{"embeddable":true,"href":"https:\/\/www.karahasanogullari.com\/index.php\/wp-json\/wp\/v2\/comments?post=19"}],"version-history":[{"count":7,"href":"https:\/\/www.karahasanogullari.com\/index.php\/wp-json\/wp\/v2\/pages\/19\/revisions"}],"predecessor-version":[{"id":876,"href":"https:\/\/www.karahasanogullari.com\/index.php\/wp-json\/wp\/v2\/pages\/19\/revisions\/876"}],"wp:attachment":[{"href":"https:\/\/www.karahasanogullari.com\/index.php\/wp-json\/wp\/v2\/media?parent=19"}],"curies":[{"name":"wp","href":"https:\/\/api.w.org\/{rel}","templated":true}]}}